{"id":32,"date":"2022-06-04T03:28:14","date_gmt":"2022-06-04T03:28:14","guid":{"rendered":"http:\/\/source.wpopal.com\/kitchor\/?page_id=32"},"modified":"2023-10-03T09:30:47","modified_gmt":"2023-10-03T09:30:47","slug":"about-us","status":"publish","type":"page","link":"https:\/\/es-wohndesign.de\/?page_id=32","title":{"rendered":"About us"},"content":{"rendered":"\t\t<div data-elementor-type=\"wp-page\" data-elementor-id=\"32\" class=\"elementor elementor-32\" data-elementor-post-type=\"page\">\n\t\t\t\t\t\t<div class=\"elementor-section elementor-top-section elementor-element elementor-element-03eb425 elementor-section-stretched elementor-section-boxed elementor-section-height-default elementor-section-height-default\" data-id=\"03eb425\" data-element_type=\"section\" data-settings=\"{&quot;stretch_section&quot;:&quot;section-stretched&quot;}\">\n\t\t\t\t\t\t<div class=\"elementor-container elementor-column-gap-no\">\n\t\t\t\t\t<div class=\"elementor-column elementor-col-50 elementor-top-column elementor-element elementor-element-ff79dc0\" data-id=\"ff79dc0\" data-element_type=\"column\">\n\t\t\t<div class=\"elementor-widget-wrap elementor-element-populated\">\n\t\t\t\t\t\t<div class=\"elementor-element elementor-element-faf3431 elementor-widget__width-auto elementor-absolute elementor-hidden-tablet_extra elementor-hidden-tablet elementor-hidden-mobile_extra elementor-hidden-mobile elementor-widget elementor-widget-image\" data-id=\"faf3431\" data-element_type=\"widget\" data-settings=\"{&quot;_position&quot;:&quot;absolute&quot;}\" data-widget_type=\"image.default\">\n\t\t\t\t<div class=\"elementor-widget-container\">\n\t\t\t\t\t\t\t\t\t\t\t\t\t\t\t<img fetchpriority=\"high\" decoding=\"async\" width=\"1456\" height=\"816\" src=\"https:\/\/es-wohndesign.de\/wp-content\/uploads\/2023\/05\/iurWipi_Drawn_sketch_of_a_kitchen_in_cross-section_for_a_logo_w_c62ec579-5280-45b2-ab76-13511d4b3bcb.png\" class=\"attachment-full size-full wp-image-15564\" alt=\"\" srcset=\"https:\/\/es-wohndesign.de\/wp-content\/uploads\/2023\/05\/iurWipi_Drawn_sketch_of_a_kitchen_in_cross-section_for_a_logo_w_c62ec579-5280-45b2-ab76-13511d4b3bcb.png 1456w, https:\/\/es-wohndesign.de\/wp-content\/uploads\/2023\/05\/iurWipi_Drawn_sketch_of_a_kitchen_in_cross-section_for_a_logo_w_c62ec579-5280-45b2-ab76-13511d4b3bcb-300x168.png 300w, https:\/\/es-wohndesign.de\/wp-content\/uploads\/2023\/05\/iurWipi_Drawn_sketch_of_a_kitchen_in_cross-section_for_a_logo_w_c62ec579-5280-45b2-ab76-13511d4b3bcb-1024x574.png 1024w, https:\/\/es-wohndesign.de\/wp-content\/uploads\/2023\/05\/iurWipi_Drawn_sketch_of_a_kitchen_in_cross-section_for_a_logo_w_c62ec579-5280-45b2-ab76-13511d4b3bcb-768x430.png 768w\" sizes=\"(max-width: 1456px) 100vw, 1456px\" \/>\t\t\t\t\t\t\t\t\t\t\t\t\t\t\t<\/div>\n\t\t\t\t<\/div>\n\t\t\t\t<div class=\"elementor-element elementor-element-d2f63cb elementor-widget__width-auto elementor-absolute elementor-hidden-mobile elementor-widget elementor-widget-image\" data-id=\"d2f63cb\" data-element_type=\"widget\" data-settings=\"{&quot;_position&quot;:&quot;absolute&quot;}\" data-widget_type=\"image.default\">\n\t\t\t\t<div class=\"elementor-widget-container\">\n\t\t\t\t\t\t\t\t\t\t\t\t\t\t\t<img decoding=\"async\" width=\"1054\" height=\"890\" src=\"https:\/\/es-wohndesign.de\/wp-content\/uploads\/2023\/05\/1-1.png\" class=\"attachment-full size-full wp-image-15669\" alt=\"\" srcset=\"https:\/\/es-wohndesign.de\/wp-content\/uploads\/2023\/05\/1-1.png 1054w, https:\/\/es-wohndesign.de\/wp-content\/uploads\/2023\/05\/1-1-300x253.png 300w, https:\/\/es-wohndesign.de\/wp-content\/uploads\/2023\/05\/1-1-1024x865.png 1024w, https:\/\/es-wohndesign.de\/wp-content\/uploads\/2023\/05\/1-1-768x649.png 768w\" sizes=\"(max-width: 1054px) 100vw, 1054px\" \/>\t\t\t\t\t\t\t\t\t\t\t\t\t\t\t<\/div>\n\t\t\t\t<\/div>\n\t\t\t\t<div class=\"elementor-element elementor-element-edf2a5f elementor-widget__width-auto elementor-widget elementor-widget-image\" data-id=\"edf2a5f\" data-element_type=\"widget\" data-widget_type=\"image.default\">\n\t\t\t\t<div class=\"elementor-widget-container\">\n\t\t\t\t\t\t\t\t\t\t\t\t\t\t\t<img decoding=\"async\" width=\"630\" height=\"390\" src=\"https:\/\/es-wohndesign.de\/wp-content\/uploads\/2023\/05\/35a61090-9bd1-4875-8160-cbc3131b234d-630x390.jpg\" class=\"attachment-kitchor-360 size-kitchor-360 wp-image-15394\" alt=\"\" \/>\t\t\t\t\t\t\t\t\t\t\t\t\t\t\t<\/div>\n\t\t\t\t<\/div>\n\t\t\t\t\t<\/div>\n\t\t<\/div>\n\t\t\t\t<div class=\"elementor-column elementor-col-50 elementor-top-column elementor-element elementor-element-4a0dbd3\" data-id=\"4a0dbd3\" data-element_type=\"column\">\n\t\t\t<div class=\"elementor-widget-wrap elementor-element-populated\">\n\t\t\t\t\t\t<div class=\"elementor-element elementor-element-26806b5 elementor-widget elementor-widget-heading\" data-id=\"26806b5\" data-element_type=\"widget\" data-widget_type=\"heading.default\">\n\t\t\t\t<div class=\"elementor-widget-container\">\n\t\t\t\t\t<h2 class=\"elementor-heading-title elementor-size-default\">About us<\/h2>\t\t\t\t<\/div>\n\t\t\t\t<\/div>\n\t\t\t\t<div class=\"elementor-element elementor-element-955f1d1 elementor-widget__width-initial elementor-widget elementor-widget-heading\" data-id=\"955f1d1\" data-element_type=\"widget\" data-widget_type=\"heading.default\">\n\t\t\t\t<div class=\"elementor-widget-container\">\n\t\t\t\t\t<h2 class=\"elementor-heading-title elementor-size-default\">Individuelle Wohndesign L\u00f6sungen<\/h2>\t\t\t\t<\/div>\n\t\t\t\t<\/div>\n\t\t\t\t<div class=\"elementor-element elementor-element-dd5302e elementor-widget__width-initial elementor-widget elementor-widget-text-editor\" data-id=\"dd5302e\" data-element_type=\"widget\" data-widget_type=\"text-editor.default\">\n\t\t\t\t<div class=\"elementor-widget-container\">\n\t\t\t\t\t\t\t\t\tErich Scherer &#8211; Wohndesign ist Ihr Experte f\u00fcr exklusives K\u00fcchendesign, individuelles Wohndesign sowie hochwertige Holz Akustikpaneele und Designglas. Mit unserer Leidenschaft f\u00fcr Kreativit\u00e4t und Qualit\u00e4t schaffen wir einzigartige Wohnr\u00e4ume, in denen \u00c4sthetik und Funktionalit\u00e4t perfekt harmonieren. <br> Ob ma\u00dfgeschneiderte K\u00fcchen, stilvolle Wohnkonzepte oder akustisch optimierte R\u00e4ume &#8211; wir bieten Ihnen innovative L\u00f6sungen und verwandeln Ihre Wohntr\u00e4ume in Wirklichkeit. Lassen Sie sich von unserer Expertise inspirieren und genie\u00dfen Sie ein Wohnambiente, das Ihre Pers\u00f6nlichkeit widerspiegelt.\t\t\t\t\t\t\t\t<\/div>\n\t\t\t\t<\/div>\n\t\t\t\t\t<\/div>\n\t\t<\/div>\n\t\t\t\t\t<\/div>\n\t\t<\/div>\n\t\t\t\t<div class=\"elementor-section elementor-top-section elementor-element elementor-element-aa419f9 elementor-section-stretched elementor-section-boxed elementor-section-height-default elementor-section-height-default\" data-id=\"aa419f9\" data-element_type=\"section\" data-settings=\"{&quot;stretch_section&quot;:&quot;section-stretched&quot;}\">\n\t\t\t\t\t\t<div class=\"elementor-container elementor-column-gap-no\">\n\t\t\t\t\t<div class=\"elementor-column elementor-col-50 elementor-top-column elementor-element elementor-element-3cdc387\" data-id=\"3cdc387\" data-element_type=\"column\">\n\t\t\t<div class=\"elementor-widget-wrap elementor-element-populated\">\n\t\t\t\t\t\t<div class=\"elementor-element elementor-element-5d0cddd elementor-position-left elementor-widget-mobile_extra__width-initial elementor-widget-mobile__width-inherit elementor-widget__width-initial elementor-view-default elementor-mobile-position-top elementor-vertical-align-top elementor-widget elementor-widget-icon-box\" data-id=\"5d0cddd\" data-element_type=\"widget\" data-widget_type=\"icon-box.default\">\n\t\t\t\t<div class=\"elementor-widget-container\">\n\t\t\t\t\t\t\t<div class=\"elementor-icon-box-wrapper\">\n\n\t\t\t\t\t\t<div class=\"elementor-icon-box-icon\">\n\t\t\t\t<span  class=\"elementor-icon\">\n\t\t\t\t<i aria-hidden=\"true\" class=\"kitchor-icon- kitchor-icon-reasonable_prices\"><\/i>\t\t\t\t<\/span>\n\t\t\t<\/div>\n\t\t\t\n\t\t\t\t\t\t<div class=\"elementor-icon-box-content\">\n\n\t\t\t\t\t\t\t\t\t<h3 class=\"elementor-icon-box-title\">\n\t\t\t\t\t\t<span  >\n\t\t\t\t\t\t\tAngemessene Preise\t\t\t\t\t\t<\/span>\n\t\t\t\t\t<\/h3>\n\t\t\t\t\n\t\t\t\t\t\t\t\t\t<p class=\"elementor-icon-box-description\">\n\t\t\t\t\t\tWir bieten L\u00f6sungen an, die die Bed\u00fcrfnisse aller Menschen erf\u00fcllen und bieten sie zu erschwinglichen und fairen Preisen an\t\t\t\t\t<\/p>\n\t\t\t\t\n\t\t\t<\/div>\n\t\t\t\n\t\t<\/div>\n\t\t\t\t\t\t<\/div>\n\t\t\t\t<\/div>\n\t\t\t\t\t<\/div>\n\t\t<\/div>\n\t\t\t\t<div class=\"elementor-column elementor-col-25 elementor-top-column elementor-element elementor-element-a025643\" data-id=\"a025643\" data-element_type=\"column\">\n\t\t\t<div class=\"elementor-widget-wrap elementor-element-populated\">\n\t\t\t\t\t\t<div class=\"elementor-element elementor-element-61f459a elementor-position-left elementor-widget-mobile_extra__width-initial elementor-widget-mobile__width-inherit elementor-widget__width-initial elementor-view-default elementor-mobile-position-top elementor-vertical-align-top elementor-widget elementor-widget-icon-box\" data-id=\"61f459a\" data-element_type=\"widget\" data-widget_type=\"icon-box.default\">\n\t\t\t\t<div class=\"elementor-widget-container\">\n\t\t\t\t\t\t\t<div class=\"elementor-icon-box-wrapper\">\n\n\t\t\t\t\t\t<div class=\"elementor-icon-box-icon\">\n\t\t\t\t<span  class=\"elementor-icon\">\n\t\t\t\t<i aria-hidden=\"true\" class=\"kitchor-icon- kitchor-icon-exclusive_design\"><\/i>\t\t\t\t<\/span>\n\t\t\t<\/div>\n\t\t\t\n\t\t\t\t\t\t<div class=\"elementor-icon-box-content\">\n\n\t\t\t\t\t\t\t\t\t<h3 class=\"elementor-icon-box-title\">\n\t\t\t\t\t\t<span  >\n\t\t\t\t\t\t\tExklusives Design\t\t\t\t\t\t<\/span>\n\t\t\t\t\t<\/h3>\n\t\t\t\t\n\t\t\t\t\t\t\t\t\t<p class=\"elementor-icon-box-description\">\n\t\t\t\t\t\tEine Mischung aus Fantasie, Erfahrung und Professionalit\u00e4t ist das Geheimnis unseres Designs!\t\t\t\t\t<\/p>\n\t\t\t\t\n\t\t\t<\/div>\n\t\t\t\n\t\t<\/div>\n\t\t\t\t\t\t<\/div>\n\t\t\t\t<\/div>\n\t\t\t\t\t<\/div>\n\t\t<\/div>\n\t\t\t\t<div class=\"elementor-column elementor-col-25 elementor-top-column elementor-element elementor-element-c100ec4\" data-id=\"c100ec4\" data-element_type=\"column\">\n\t\t\t<div class=\"elementor-widget-wrap elementor-element-populated\">\n\t\t\t\t\t\t<div class=\"elementor-element elementor-element-ebadd63 elementor-position-left elementor-widget-mobile_extra__width-initial elementor-widget-mobile__width-inherit elementor-widget__width-initial elementor-view-default elementor-mobile-position-top elementor-vertical-align-top elementor-widget elementor-widget-icon-box\" data-id=\"ebadd63\" data-element_type=\"widget\" data-widget_type=\"icon-box.default\">\n\t\t\t\t<div class=\"elementor-widget-container\">\n\t\t\t\t\t\t\t<div class=\"elementor-icon-box-wrapper\">\n\n\t\t\t\t\t\t<div class=\"elementor-icon-box-icon\">\n\t\t\t\t<span  class=\"elementor-icon\">\n\t\t\t\t<i aria-hidden=\"true\" class=\"kitchor-icon- kitchor-icon-professional_team\"><\/i>\t\t\t\t<\/span>\n\t\t\t<\/div>\n\t\t\t\n\t\t\t\t\t\t<div class=\"elementor-icon-box-content\">\n\n\t\t\t\t\t\t\t\t\t<h3 class=\"elementor-icon-box-title\">\n\t\t\t\t\t\t<span  >\n\t\t\t\t\t\t\tProfessionelles Team\t\t\t\t\t\t<\/span>\n\t\t\t\t\t<\/h3>\n\t\t\t\t\n\t\t\t\t\t\t\t\t\t<p class=\"elementor-icon-box-description\">\n\t\t\t\t\t\tWir sind stolz auf unser freundliches, professionelles und sich st\u00e4ndig weiterentwickelndes Team!\t\t\t\t\t<\/p>\n\t\t\t\t\n\t\t\t<\/div>\n\t\t\t\n\t\t<\/div>\n\t\t\t\t\t\t<\/div>\n\t\t\t\t<\/div>\n\t\t\t\t\t<\/div>\n\t\t<\/div>\n\t\t\t\t\t<\/div>\n\t\t<\/div>\n\t\t\t\t<section class=\"elementor-section elementor-top-section elementor-element elementor-element-27dfa03 elementor-section-boxed elementor-section-height-default elementor-section-height-default\" data-id=\"27dfa03\" data-element_type=\"section\">\n\t\t\t\t\t\t<div class=\"elementor-container elementor-column-gap-default\">\n\t\t\t\t\t<div class=\"elementor-column elementor-col-50 elementor-top-column elementor-element elementor-element-ac5d8ac\" data-id=\"ac5d8ac\" data-element_type=\"column\">\n\t\t\t<div class=\"elementor-widget-wrap elementor-element-populated\">\n\t\t\t\t\t\t<div class=\"elementor-element elementor-element-2c500b1 elementor-widget elementor-widget-heading\" data-id=\"2c500b1\" data-element_type=\"widget\" data-widget_type=\"heading.default\">\n\t\t\t\t<div class=\"elementor-widget-container\">\n\t\t\t\t\t<h2 class=\"elementor-heading-title elementor-size-default\">Jahrelange Erfahrung<\/h2>\t\t\t\t<\/div>\n\t\t\t\t<\/div>\n\t\t\t\t<div class=\"elementor-element elementor-element-6d4ad16 elementor-widget__width-initial elementor-widget elementor-widget-heading\" data-id=\"6d4ad16\" data-element_type=\"widget\" data-widget_type=\"heading.default\">\n\t\t\t\t<div class=\"elementor-widget-container\">\n\t\t\t\t\t<h2 class=\"elementor-heading-title elementor-size-default\">Mit langj\u00e4hriger Design-Erfahrung bieten wir Ihnen Kompetenz und Expertise f\u00fcr herausragendes Wohndesign.<\/h2>\t\t\t\t<\/div>\n\t\t\t\t<\/div>\n\t\t\t\t<div class=\"elementor-element elementor-element-5e8e3c2 elementor-widget-divider--view-line elementor-widget elementor-widget-divider\" data-id=\"5e8e3c2\" data-element_type=\"widget\" data-widget_type=\"divider.default\">\n\t\t\t\t<div class=\"elementor-widget-container\">\n\t\t\t\t\t\t\t<div class=\"elementor-divider\">\n\t\t\t<span class=\"elementor-divider-separator\">\n\t\t\t\t\t\t<\/span>\n\t\t<\/div>\n\t\t\t\t\t\t<\/div>\n\t\t\t\t<\/div>\n\t\t\t\t\t<\/div>\n\t\t<\/div>\n\t\t\t\t<div class=\"elementor-column elementor-col-50 elementor-top-column elementor-element elementor-element-6ecfce5\" data-id=\"6ecfce5\" data-element_type=\"column\">\n\t\t\t<div class=\"elementor-widget-wrap elementor-element-populated\">\n\t\t\t\t\t\t<div class=\"elementor-element elementor-element-238597a elementor-widget elementor-widget-image\" data-id=\"238597a\" data-element_type=\"widget\" data-widget_type=\"image.default\">\n\t\t\t\t<div class=\"elementor-widget-container\">\n\t\t\t\t\t\t\t\t\t\t\t\t\t\t\t<img loading=\"lazy\" decoding=\"async\" width=\"3459\" height=\"1172\" src=\"https:\/\/es-wohndesign.de\/wp-content\/uploads\/2023\/10\/FINAL.png\" class=\"attachment-full size-full wp-image-15938\" alt=\"\" srcset=\"https:\/\/es-wohndesign.de\/wp-content\/uploads\/2023\/10\/FINAL.png 3459w, https:\/\/es-wohndesign.de\/wp-content\/uploads\/2023\/10\/FINAL-300x102.png 300w, https:\/\/es-wohndesign.de\/wp-content\/uploads\/2023\/10\/FINAL-1024x347.png 1024w, https:\/\/es-wohndesign.de\/wp-content\/uploads\/2023\/10\/FINAL-768x260.png 768w, https:\/\/es-wohndesign.de\/wp-content\/uploads\/2023\/10\/FINAL-1536x520.png 1536w, https:\/\/es-wohndesign.de\/wp-content\/uploads\/2023\/10\/FINAL-2048x694.png 2048w\" sizes=\"(max-width: 3459px) 100vw, 3459px\" \/>\t\t\t\t\t\t\t\t\t\t\t\t\t\t\t<\/div>\n\t\t\t\t<\/div>\n\t\t\t\t<div class=\"elementor-element elementor-element-67774ea elementor-widget elementor-widget-text-editor\" data-id=\"67774ea\" data-element_type=\"widget\" data-widget_type=\"text-editor.default\">\n\t\t\t\t<div class=\"elementor-widget-container\">\n\t\t\t\t\t\t\t\t\t<p>Mit langj\u00e4hriger Erfahrung in der Branche bieten wir Ihnen eine fundierte Expertise, die auf bew\u00e4hrten Kenntnissen und erfolgreichen Projekten beruht. Verlassen Sie sich auf unsere Erfahrung, um Ihre Designvisionen zu realisieren und ein Ergebnis zu erzielen, das Ihre Erwartungen \u00fcbertrifft.<\/p><p>Vertrauen Sie auf unsere Fachkenntnis und Erfahrung f\u00fcr zuverl\u00e4ssige und zufriedenstellende Ergebnisse.<\/p>\t\t\t\t\t\t\t\t<\/div>\n\t\t\t\t<\/div>\n\t\t\t\t\t<\/div>\n\t\t<\/div>\n\t\t\t\t\t<\/div>\n\t\t<\/section>\n\t\t\t\t<\/div>\n\t\t","protected":false},"excerpt":{"rendered":"<p>About us Individuelle Wohndesign L\u00f6sungen Erich Scherer &#8211; Wohndesign ist Ihr Experte f\u00fcr exklusives K\u00fcchendesign, individuelles Wohndesign sowie hochwertige Holz Akustikpaneele und Designglas. Mit unserer Leidenschaft f\u00fcr Kreativit\u00e4t und Qualit\u00e4t schaffen wir einzigartige Wohnr\u00e4ume, in denen \u00c4sthetik und Funktionalit\u00e4t perfekt harmonieren. Ob ma\u00dfgeschneiderte K\u00fcchen, stilvolle Wohnkonzepte oder akustisch optimierte R\u00e4ume &#8211; wir bieten Ihnen innovative [&hellip;]<\/p>\n","protected":false},"author":1,"featured_media":0,"parent":0,"menu_order":0,"comment_status":"closed","ping_status":"closed","template":"template-homepage.php","meta":{"footnotes":""},"_links":{"self":[{"href":"https:\/\/es-wohndesign.de\/index.php?rest_route=\/wp\/v2\/pages\/32"}],"collection":[{"href":"https:\/\/es-wohndesign.de\/index.php?rest_route=\/wp\/v2\/pages"}],"about":[{"href":"https:\/\/es-wohndesign.de\/index.php?rest_route=\/wp\/v2\/types\/page"}],"author":[{"embeddable":true,"href":"https:\/\/es-wohndesign.de\/index.php?rest_route=\/wp\/v2\/users\/1"}],"replies":[{"embeddable":true,"href":"https:\/\/es-wohndesign.de\/index.php?rest_route=%2Fwp%2Fv2%2Fcomments&post=32"}],"version-history":[{"count":37,"href":"https:\/\/es-wohndesign.de\/index.php?rest_route=\/wp\/v2\/pages\/32\/revisions"}],"predecessor-version":[{"id":16005,"href":"https:\/\/es-wohndesign.de\/index.php?rest_route=\/wp\/v2\/pages\/32\/revisions\/16005"}],"wp:attachment":[{"href":"https:\/\/es-wohndesign.de\/index.php?rest_route=%2Fwp%2Fv2%2Fmedia&parent=32"}],"curies":[{"name":"wp","href":"https:\/\/api.w.org\/{rel}","templated":true}]}}