{"id":2032,"date":"2022-06-10T09:17:57","date_gmt":"2022-06-10T09:17:57","guid":{"rendered":"http:\/\/source.wpopal.com\/kitchor\/?page_id=2032"},"modified":"2023-05-20T14:01:46","modified_gmt":"2023-05-20T14:01:46","slug":"service","status":"publish","type":"page","link":"https:\/\/es-wohndesign.de\/?page_id=2032","title":{"rendered":"Service"},"content":{"rendered":"\t\t<div data-elementor-type=\"wp-page\" data-elementor-id=\"2032\" class=\"elementor elementor-2032\" data-elementor-post-type=\"page\">\n\t\t\t\t\t\t<div class=\"elementor-section elementor-top-section elementor-element elementor-element-4dbfd6c elementor-section-stretched elementor-section-boxed elementor-section-height-default elementor-section-height-default\" data-id=\"4dbfd6c\" data-element_type=\"section\" data-settings=\"{&quot;stretch_section&quot;:&quot;section-stretched&quot;}\">\n\t\t\t\t\t\t<div class=\"elementor-container elementor-column-gap-no\">\n\t\t\t\t\t<div class=\"elementor-column elementor-col-100 elementor-top-column elementor-element elementor-element-6e5d427\" data-id=\"6e5d427\" data-element_type=\"column\">\n\t\t\t<div class=\"elementor-widget-wrap elementor-element-populated\">\n\t\t\t\t\t\t<div class=\"elementor-element elementor-element-d36769e elementor-widget elementor-widget-heading\" data-id=\"d36769e\" data-element_type=\"widget\" data-widget_type=\"heading.default\">\n\t\t\t\t<div class=\"elementor-widget-container\">\n\t\t\t\t\t<div class=\"elementor-heading-title elementor-size-default\">Our Services<\/div>\t\t\t\t<\/div>\n\t\t\t\t<\/div>\n\t\t\t\t<div class=\"elementor-element elementor-element-a90f382 elementor-widget__width-initial elementor-widget elementor-widget-heading\" data-id=\"a90f382\" data-element_type=\"widget\" data-widget_type=\"heading.default\">\n\t\t\t\t<div class=\"elementor-widget-container\">\n\t\t\t\t\t<h2 class=\"elementor-heading-title elementor-size-default\">Wir bieten mehr als nur hochwertige Dienstleistungen<\/h2>\t\t\t\t<\/div>\n\t\t\t\t<\/div>\n\t\t\t\t\t<\/div>\n\t\t<\/div>\n\t\t\t\t\t<\/div>\n\t\t<\/div>\n\t\t\t\t<div class=\"elementor-section elementor-top-section elementor-element elementor-element-5e46eb1 elementor-section-full_width elementor-section-height-min-height elementor-section-items-stretch elementor-section-stretched elementor-section-height-default\" data-id=\"5e46eb1\" data-element_type=\"section\" data-settings=\"{&quot;stretch_section&quot;:&quot;section-stretched&quot;,&quot;background_background&quot;:&quot;classic&quot;}\">\n\t\t\t\t\t\t<div class=\"elementor-container elementor-column-gap-no\">\n\t\t\t\t\t<div class=\"elementor-column elementor-col-100 elementor-top-column elementor-element elementor-element-3722764\" data-id=\"3722764\" data-element_type=\"column\" data-settings=\"{&quot;background_background&quot;:&quot;gradient&quot;}\">\n\t\t\t<div class=\"elementor-widget-wrap elementor-element-populated\">\n\t\t\t\t\t\t<div class=\"elementor-element elementor-element-07b0b78 elementor-absolute elementor-hidden-mobile elementor-widget elementor-widget-image\" data-id=\"07b0b78\" data-element_type=\"widget\" data-settings=\"{&quot;_position&quot;:&quot;absolute&quot;}\" data-widget_type=\"image.default\">\n\t\t\t\t<div class=\"elementor-widget-container\">\n\t\t\t\t\t\t\t\t\t\t\t\t\t\t\t<img fetchpriority=\"high\" decoding=\"async\" width=\"1456\" height=\"816\" src=\"https:\/\/es-wohndesign.de\/wp-content\/uploads\/2023\/05\/iurWipi_Drawn_sketch_of_a_kitchen_in_cross-section_for_a_logo_w_c62ec579-5280-45b2-ab76-13511d4b3bcb.png\" class=\"attachment-full size-full wp-image-15564\" alt=\"\" srcset=\"https:\/\/es-wohndesign.de\/wp-content\/uploads\/2023\/05\/iurWipi_Drawn_sketch_of_a_kitchen_in_cross-section_for_a_logo_w_c62ec579-5280-45b2-ab76-13511d4b3bcb.png 1456w, https:\/\/es-wohndesign.de\/wp-content\/uploads\/2023\/05\/iurWipi_Drawn_sketch_of_a_kitchen_in_cross-section_for_a_logo_w_c62ec579-5280-45b2-ab76-13511d4b3bcb-300x168.png 300w, https:\/\/es-wohndesign.de\/wp-content\/uploads\/2023\/05\/iurWipi_Drawn_sketch_of_a_kitchen_in_cross-section_for_a_logo_w_c62ec579-5280-45b2-ab76-13511d4b3bcb-1024x574.png 1024w, https:\/\/es-wohndesign.de\/wp-content\/uploads\/2023\/05\/iurWipi_Drawn_sketch_of_a_kitchen_in_cross-section_for_a_logo_w_c62ec579-5280-45b2-ab76-13511d4b3bcb-768x430.png 768w\" sizes=\"(max-width: 1456px) 100vw, 1456px\" \/>\t\t\t\t\t\t\t\t\t\t\t\t\t\t\t<\/div>\n\t\t\t\t<\/div>\n\t\t\t\t<div class=\"elementor-section elementor-inner-section elementor-element elementor-element-27ea315 elementor-section-boxed elementor-section-height-default elementor-section-height-default\" data-id=\"27ea315\" data-element_type=\"section\">\n\t\t\t\t\t\t<div class=\"elementor-container elementor-column-gap-no\">\n\t\t\t\t\t<div class=\"elementor-column elementor-col-100 elementor-inner-column elementor-element elementor-element-2f468c9\" data-id=\"2f468c9\" data-element_type=\"column\" data-settings=\"{&quot;background_background&quot;:&quot;classic&quot;}\">\n\t\t\t<div class=\"elementor-widget-wrap elementor-element-populated\">\n\t\t\t\t\t<div class=\"elementor-background-overlay\"><\/div>\n\t\t\t\t\t\t<div class=\"elementor-element elementor-element-064b59a elementor-widget elementor-widget-heading\" data-id=\"064b59a\" data-element_type=\"widget\" data-widget_type=\"heading.default\">\n\t\t\t\t<div class=\"elementor-widget-container\">\n\t\t\t\t\t<div class=\"elementor-heading-title elementor-size-default\">Was bieten wir f\u00fcr M\u00f6bel an?<\/div>\t\t\t\t<\/div>\n\t\t\t\t<\/div>\n\t\t\t\t<div class=\"elementor-element elementor-element-9f87c10 elementor-widget__width-initial elementor-widget-laptop__width-inherit elementor-widget elementor-widget-heading\" data-id=\"9f87c10\" data-element_type=\"widget\" data-widget_type=\"heading.default\">\n\t\t\t\t<div class=\"elementor-widget-container\">\n\t\t\t\t\t<h2 class=\"elementor-heading-title elementor-size-default\">Was wird Angeboten?<\/h2>\t\t\t\t<\/div>\n\t\t\t\t<\/div>\n\t\t\t\t<div class=\"elementor-element elementor-element-f841a71 elementor-widget elementor-widget-text-editor\" data-id=\"f841a71\" data-element_type=\"widget\" data-widget_type=\"text-editor.default\">\n\t\t\t\t<div class=\"elementor-widget-container\">\n\t\t\t\t\t\t\t\t\t<p>Unsere individuellen M\u00f6bel verwandeln Ihr Zuhause in eine pers\u00f6nliche Oase. Entdecken Sie ma\u00dfgeschneiderte K\u00fcchen, stilvolle Badm\u00f6bel, praktische Gareroben und Hauswirtschaftsr\u00e4ume sowie M\u00f6bel jeglicher Art, die Ihren individuellen Bed\u00fcrfnissen und Stil entsprechen. Gestalten Sie Ihr Zuhause nach Ihren W\u00fcnschen!<\/p>\t\t\t\t\t\t\t\t<\/div>\n\t\t\t\t<\/div>\n\t\t\t\t<div class=\"elementor-element elementor-element-b23e004 elementor-hidden-mobile elementor-widget elementor-widget-spacer\" data-id=\"b23e004\" data-element_type=\"widget\" data-widget_type=\"spacer.default\">\n\t\t\t\t<div class=\"elementor-widget-container\">\n\t\t\t\t\t\t\t<div class=\"elementor-spacer\">\n\t\t\t<div class=\"elementor-spacer-inner\"><\/div>\n\t\t<\/div>\n\t\t\t\t\t\t<\/div>\n\t\t\t\t<\/div>\n\t\t\t\t<div class=\"elementor-element elementor-element-fe57e11 elementor-widget elementor-widget-text-editor\" data-id=\"fe57e11\" data-element_type=\"widget\" data-widget_type=\"text-editor.default\">\n\t\t\t\t<div class=\"elementor-widget-container\">\n\t\t\t\t\t\t\t\t\t<p><strong>-K\u00fcchen<\/strong><br \/><strong>-Bad M\u00f6bel<\/strong><br \/><strong>-Garderoben<\/strong><br \/><strong>-HWR<\/strong><br \/><strong>-M\u00f6bel jeglicher Art<\/strong><\/p>\t\t\t\t\t\t\t\t<\/div>\n\t\t\t\t<\/div>\n\t\t\t\t\t<\/div>\n\t\t<\/div>\n\t\t\t\t\t<\/div>\n\t\t<\/div>\n\t\t\t\t\t<\/div>\n\t\t<\/div>\n\t\t\t\t\t<\/div>\n\t\t<\/div>\n\t\t\t\t<\/div>\n\t\t","protected":false},"excerpt":{"rendered":"<p>Our Services Wir bieten mehr als nur hochwertige Dienstleistungen K\u00fcchen Design Bei der K\u00fcchenplanung und dem K\u00fcchendesign geht es darum, eine funktionale und \u00e4sthetisch ansprechende K\u00fcche zu gestalten. Read more Wohndesign Wohndesign verwandelt R\u00e4ume in pers\u00f6nliche Oasen \u2013 stilvoll, funktional und individuell. Read more Akustik Paneele Holz Akustikpaneele: Nat\u00fcrliche \u00c4sthetik trifft auf verbesserte Raumakustik. Read [&hellip;]<\/p>\n","protected":false},"author":1,"featured_media":0,"parent":0,"menu_order":0,"comment_status":"closed","ping_status":"closed","template":"","meta":{"footnotes":""},"_links":{"self":[{"href":"https:\/\/es-wohndesign.de\/index.php?rest_route=\/wp\/v2\/pages\/2032"}],"collection":[{"href":"https:\/\/es-wohndesign.de\/index.php?rest_route=\/wp\/v2\/pages"}],"about":[{"href":"https:\/\/es-wohndesign.de\/index.php?rest_route=\/wp\/v2\/types\/page"}],"author":[{"embeddable":true,"href":"https:\/\/es-wohndesign.de\/index.php?rest_route=\/wp\/v2\/users\/1"}],"replies":[{"embeddable":true,"href":"https:\/\/es-wohndesign.de\/index.php?rest_route=%2Fwp%2Fv2%2Fcomments&post=2032"}],"version-history":[{"count":19,"href":"https:\/\/es-wohndesign.de\/index.php?rest_route=\/wp\/v2\/pages\/2032\/revisions"}],"predecessor-version":[{"id":15734,"href":"https:\/\/es-wohndesign.de\/index.php?rest_route=\/wp\/v2\/pages\/2032\/revisions\/15734"}],"wp:attachment":[{"href":"https:\/\/es-wohndesign.de\/index.php?rest_route=%2Fwp%2Fv2%2Fmedia&parent=2032"}],"curies":[{"name":"wp","href":"https:\/\/api.w.org\/{rel}","templated":true}]}}